{"id":9,"date":"2024-04-04T05:53:01","date_gmt":"2024-04-04T02:53:01","guid":{"rendered":"https:\/\/sisu.ut.ee\/ariel\/et\/"},"modified":"2024-07-02T11:05:33","modified_gmt":"2024-07-02T08:05:33","slug":"et","status":"publish","type":"page","link":"https:\/\/ariel.ut.ee\/et\/","title":{"rendered":"Eksoplaneetide missioon Ariel"},"content":{"rendered":"<p dir=\"ltr\">\n\t<b id=\"docs-internal-guid-8cf392c5-7fff-34b6-0d68-200f8b9e6714\">Ariel<\/b> on kosmoseteleskoop, mille loob\u00a0Euroopa Kosmoseagentuur\u00a0(ESA), et uurida eksoplaneetide atmosf\u00e4\u00e4ride koostist. Eksoplaneedid on planeedid teiste t\u00e4htede \u00fcmber ning 2020. aasta seisuga on neid leitud juba ligi 5000. Valdkonna j\u00e4rgmine suur proovikivi\u00a0on eksoplaneetide atmosf\u00e4\u00e4re s\u00fcstemaatiliselt ja \u00fcksikasjalikult uurida.\n<\/p>\n<p dir=\"ltr\">\n\tAriel valiti ESA Cosmic Visioni programmi raames neljandaks \u201ckeskmise suurusega\u201d missiooniks. Nelja aasta v\u00e4ltel uurib Ariel eksoplaneetide koostist, teket ja arengut. T\u00f6\u00f6meetod\u00a0on tuhande erinevate omadustega eksoplaneedi vaatlused n\u00e4htavas ja infrapunases valguses. Planeedi atmosf\u00e4\u00e4ri l\u00e4binud t\u00e4hevalguse spektroskoopiline anal\u00fc\u00fcs v\u00f5imaldab m\u00e4\u00e4rata atmosf\u00e4\u00e4ri keemilise koostise, pilvede ja sudu omadusi, aga ka temperatuurijaotuse. Ariel on esimene t\u00e4ielikult eksoplaneetide atmosf\u00e4\u00e4ri koostise ja struktuuri uurimisele p\u00fchendatud teleskoop, mis teeb v\u00f5imalikuks planeedi- ja atmosf\u00e4\u00e4riteaduslikud uuringud v\u00e4ljaspool P\u00e4ikeses\u00fcsteemi.\n<\/p>\n<p dir=\"ltr\">\n\tMissiooni eduks kriitiliste tegurite hulka kuuluvad vaadeldavate planeetide \u00f5ige valik ning vaatlusaja planeerimine. Tartu \u00dclikooli Tartu observatooriumi t\u00e4hef\u00fc\u00fcsikud panustavad siin eksoplaneedi s\u00fcsteemide spektroskoopiliste ja fotomeetriliste uuringutega. Meie meeskond m\u00e4\u00e4rab planeetide emat\u00e4htede p\u00f5hiparameetreid ja keemiliste elementide sisaldust, mis aitab kaasa parimate planeetide valikule ja Arieli vaatluste teaduslikule t\u00f5lgendamisele. M\u00f5\u00f5dame ka eksoplaneetide \u00fcleminekute heledusk\u00f5veraid, et t\u00e4psustada orbitaalparameetreid, mis on Arieli vaatluste planeerimiseks h\u00e4davajalikud.\n<\/p>\n<p dir=\"ltr\">\n\tAriel plaanitakse kosmosesse lennutada 2029. aastal.\n<\/p>\n<p>\n\t<strong>See on Arieli kosmoseteleskoobi konsortsiumi Eesti osaluse veebileht<\/strong>.\n<\/p>\n<p>\n\t<strong>Vaata ka<\/strong>\n<\/p>\n<ul>\n<li>\n\t\tArieli missiooni<strong> <a data-url=\"https:\/\/arielmission.space\/\" href=\"https:\/\/arielmission.space\/\" target=\"_blank\" title=\"\" rel=\"noopener\">ametlikku kodulehte<\/a><\/strong>\n\t<\/li>\n<li>\n\t\tArieli missiooni teavet\u00a0<strong><a data-url=\"http:\/\/sci.esa.int\" href=\"http:\/\/sci.esa.int\" target=\"_blank\" title=\"\" rel=\"noopener\">Euroopa Kosmoseagentuuri\u00a0veebilehel<\/a><\/strong>\n\t<\/li>\n<\/ul>\n<p>\n\t<\/p><div class=\"ratio ratio-16x9 mb-3\"><div class=\"video-placeholder-wrapper video-placeholder-wrapper--16x9\">\n\t\t\t    <div class=\"video-placeholder d-flex justify-content-center align-items-center\">\n\t\t\t        <div class=\"overlay text-white p-2 w-100 text-center d-block justify-content-center align-items-center\">\n\t\t\t            <div>Kolmandate osapoolte sisu n\u00e4gemiseks palun n\u00f5ustu k\u00fcpsistega.<\/div>\n\t\t\t            <button class=\"btn btn-secondary btn-sm mt-1 consent-change\">Muuda n\u00f5usolekut<\/button>\n\t\t\t        <\/div>\n\t\t\t    <\/div>\n\t\t\t<\/div>\n<\/div>\n\n","protected":false},"excerpt":{"rendered":"<p>Ariel on kosmoseteleskoop, mille loob\u00a0Euroopa Kosmoseagentuur\u00a0(ESA), et uurida eksoplaneetide atmosf\u00e4\u00e4ride koostist. Eksoplaneedid on planeedid teiste t\u00e4htede \u00fcmber ning 2020. aasta seisuga on neid leitud juba ligi 5000. Valdkonna j\u00e4rgmine suur proovikivi\u00a0on eksoplaneetide atmosf\u00e4\u00e4re s\u00fcstemaatiliselt ja \u00fcksikasjalikult uurida. Ariel valiti ESA &#8230;<\/p>\n","protected":false},"author":218,"featured_media":0,"parent":0,"menu_order":0,"comment_status":"closed","ping_status":"closed","template":"","meta":{"_acf_changed":false,"inline_featured_image":false,"footnotes":""},"class_list":["post-9","page","type-page","status-publish","hentry"],"acf":[],"_links":{"self":[{"href":"https:\/\/ariel.ut.ee\/et\/wp-json\/wp\/v2\/pages\/9","targetHints":{"allow":["GET"]}}],"collection":[{"href":"https:\/\/ariel.ut.ee\/et\/wp-json\/wp\/v2\/pages"}],"about":[{"href":"https:\/\/ariel.ut.ee\/et\/wp-json\/wp\/v2\/types\/page"}],"author":[{"embeddable":true,"href":"https:\/\/ariel.ut.ee\/et\/wp-json\/wp\/v2\/users\/218"}],"replies":[{"embeddable":true,"href":"https:\/\/ariel.ut.ee\/et\/wp-json\/wp\/v2\/comments?post=9"}],"version-history":[{"count":2,"href":"https:\/\/ariel.ut.ee\/et\/wp-json\/wp\/v2\/pages\/9\/revisions"}],"predecessor-version":[{"id":47,"href":"https:\/\/ariel.ut.ee\/et\/wp-json\/wp\/v2\/pages\/9\/revisions\/47"}],"wp:attachment":[{"href":"https:\/\/ariel.ut.ee\/et\/wp-json\/wp\/v2\/media?parent=9"}],"curies":[{"name":"wp","href":"https:\/\/api.w.org\/{rel}","templated":true}]}}